{"id":12139,"date":"2023-03-04T11:51:35","date_gmt":"2023-03-04T11:51:35","guid":{"rendered":"https:\/\/ultimatebikehiremallorca.com\/disclaimer\/"},"modified":"2023-03-15T12:47:04","modified_gmt":"2023-03-15T12:47:04","slug":"disclaimer","status":"publish","type":"page","link":"https:\/\/www.ultimatebikehiremallorca.com\/fr\/juridique\/clause-de-non-responsabilite\/","title":{"rendered":"Clause de non-responsabilit\u00e9"},"content":{"rendered":"<!-- Legal document generated by Complianz | GDPR\/CCPA Cookie Consent https:\/\/wordpress.org\/plugins\/complianz-gdpr -->\n<div id=\"cmplz-document\" class=\"cmplz-document disclaimer cmplz-document-all\"><p>Ultimate Bike Hire is committed to keeping this website up to date and accurate. Should you nevertheless encounter anything that is incorrect or out of date, we would appreciate it if you could let us know. Please indicate where on the website you read the information. We will then look at this as soon as possible. Please send your response by email to: inf&#111;&#064;&#117;l&#116;i&#109;at&#101;&#098;&#105;k&#101;hire&#109;a&#108;l&#111;r&#099;a&#046;&#099;om.<\/p><p>Nous ne sommes pas responsables des pertes r\u00e9sultant d'inexactitudes ou d'incompl\u00e9tudes, ni des pertes r\u00e9sultant de probl\u00e8mes caus\u00e9s par ou inh\u00e9rents \u00e0 la diffusion d'informations par l'internet, tels que des perturbations ou des interruptions. Lors de l'utilisation de formulaires web, nous nous effor\u00e7ons de limiter au minimum le nombre de champs obligatoires. Ultimate Bike Hire d\u00e9cline toute responsabilit\u00e9 en cas de perte r\u00e9sultant de l'utilisation de donn\u00e9es, conseils ou id\u00e9es fournis par ou au nom de Ultimate Bike Hire via ce site Internet.<\/p><p>L'utilisation du site web et de tous ses composants (y compris les forums) est soumise aux conditions suivantes <a href=\"https:\/\/www.ultimatebikehiremallorca.com\/fr\/terms\/\" target=\"_blank\">conditions d'utilisation<\/a>. La simple utilisation de ce site web implique la connaissance et l'acceptation de ces conditions d'utilisation.<\/p><p>Les r\u00e9ponses et les demandes relatives \u00e0 la protection de la vie priv\u00e9e envoy\u00e9es par courrier \u00e9lectronique ou \u00e0 l'aide d'un formulaire en ligne seront trait\u00e9es de la m\u00eame mani\u00e8re que les lettres. Cela signifie que vous pouvez vous attendre \u00e0 une r\u00e9ponse de notre part dans un d\u00e9lai d'un mois au plus tard. Dans le cas de demandes complexes, nous vous ferons savoir dans un d\u00e9lai d'un mois si nous avons besoin d'un maximum de trois mois.<\/p><p>Toutes les donn\u00e9es personnelles que vous nous fournissez dans le cadre de votre r\u00e9ponse ou de votre demande d'information ne seront utilis\u00e9es que conform\u00e9ment \u00e0 notre d\u00e9claration de confidentialit\u00e9.<\/p><p>Ultimate Bike Hire fera tous les efforts raisonnables pour prot\u00e9ger ses syst\u00e8mes contre toute forme d'utilisation ill\u00e9gale. Ultimate Bike Hire mettra en \u0153uvre les mesures techniques et organisationnelles appropri\u00e9es \u00e0 cette fin, en tenant compte, entre autres, de l'\u00e9tat de l'art. Toutefois, elle ne sera pas responsable de tout pr\u00e9judice, direct et\/ou indirect, subi par un utilisateur du site web, qui r\u00e9sulterait de l'utilisation illicite de ses syst\u00e8mes par un tiers.<\/p><p>Ultimate Bike Hire d\u00e9cline toute responsabilit\u00e9 quant au contenu des sites Internet vers lesquels ou \u00e0 partir desquels un lien hypertexte ou une autre r\u00e9f\u00e9rence est \u00e9tabli. Les produits ou services propos\u00e9s par des tiers sont soumis aux conditions g\u00e9n\u00e9rales applicables \u00e0 ces tiers.<\/p><p>Tous les droits de propri\u00e9t\u00e9 intellectuelle sur le contenu de ce site sont d\u00e9tenus par Ultimate Bike Hire.<\/p><p>La copie, la diffusion et toute autre utilisation de ce mat\u00e9riel sont interdites sans l'autorisation \u00e9crite d'Ultimate Bike Hire, sauf et seulement dans la mesure o\u00f9 les dispositions l\u00e9gales obligatoires (telles que le droit de citation) le pr\u00e9voient, \u00e0 moins qu'un contenu sp\u00e9cifique n'en d\u00e9cide autrement.<\/p><p>Si vous avez des questions ou des probl\u00e8mes concernant l'accessibilit\u00e9 du site web, n'h\u00e9sitez pas \u00e0 nous contacter.<\/p><\/div>","protected":false},"excerpt":{"rendered":"","protected":false},"author":1,"featured_media":0,"parent":9756,"menu_order":0,"comment_status":"closed","ping_status":"closed","template":"","meta":{"footnotes":""},"class_list":["post-12139","page","type-page","status-publish","hentry"],"_links":{"self":[{"href":"https:\/\/www.ultimatebikehiremallorca.com\/fr\/wp-json\/wp\/v2\/pages\/12139","targetHints":{"allow":["GET"]}}],"collection":[{"href":"https:\/\/www.ultimatebikehiremallorca.com\/fr\/wp-json\/wp\/v2\/pages"}],"about":[{"href":"https:\/\/www.ultimatebikehiremallorca.com\/fr\/wp-json\/wp\/v2\/types\/page"}],"author":[{"embeddable":true,"href":"https:\/\/www.ultimatebikehiremallorca.com\/fr\/wp-json\/wp\/v2\/users\/1"}],"replies":[{"embeddable":true,"href":"https:\/\/www.ultimatebikehiremallorca.com\/fr\/wp-json\/wp\/v2\/comments?post=12139"}],"version-history":[{"count":0,"href":"https:\/\/www.ultimatebikehiremallorca.com\/fr\/wp-json\/wp\/v2\/pages\/12139\/revisions"}],"up":[{"embeddable":true,"href":"https:\/\/www.ultimatebikehiremallorca.com\/fr\/wp-json\/wp\/v2\/pages\/9756"}],"wp:attachment":[{"href":"https:\/\/www.ultimatebikehiremallorca.com\/fr\/wp-json\/wp\/v2\/media?parent=12139"}],"curies":[{"name":"wp","href":"https:\/\/api.w.org\/{rel}","templated":true}]}}