{"id":11123,"date":"2022-12-17T17:48:59","date_gmt":"2022-12-17T17:48:59","guid":{"rendered":"https:\/\/ultimatebikehiremallorca.com\/?page_id=11123"},"modified":"2023-12-06T19:40:52","modified_gmt":"2023-12-06T19:40:52","slug":"price-list","status":"publish","type":"page","link":"https:\/\/www.ultimatebikehiremallorca.com\/fr\/liste-de-prix\/","title":{"rendered":"Liste de prix"},"content":{"rendered":"<div data-elementor-type=\"wp-page\" data-elementor-id=\"11123\" class=\"elementor elementor-11123\" data-elementor-post-type=\"page\">\n\t\t\t\t<div class=\"elementor-element elementor-element-706ac35 e-flex e-con-boxed e-con e-parent\" data-id=\"706ac35\" data-element_type=\"container\" data-settings=\"{&quot;background_background&quot;:&quot;gradient&quot;}\">\n\t\t\t\t\t<div class=\"e-con-inner\">\n\t\t<div class=\"elementor-element elementor-element-8ea80d9 e-con-full e-flex e-con e-child\" data-id=\"8ea80d9\" data-element_type=\"container\">\n\t\t\t\t<div class=\"elementor-element elementor-element-1990ff8 elementor-widget__width-inherit elementor-widget-mobile__width-initial elementor-widget elementor-widget-heading\" data-id=\"1990ff8\" data-element_type=\"widget\" data-widget_type=\"heading.default\">\n\t\t\t\t<div class=\"elementor-widget-container\">\n\t\t\t\t\t<h1 class=\"elementor-heading-title elementor-size-default\">Liste des prix pour la location hebdomadaire de v\u00e9los<\/h1>\t\t\t\t<\/div>\n\t\t\t\t<\/div>\n\t\t\t\t<div class=\"elementor-element elementor-element-ec1ebfc elementor-widget-divider--view-line elementor-widget elementor-widget-divider\" data-id=\"ec1ebfc\" data-element_type=\"widget\" data-widget_type=\"divider.default\">\n\t\t\t\t<div class=\"elementor-widget-container\">\n\t\t\t\t\t\t\t<div class=\"elementor-divider\">\n\t\t\t<span class=\"elementor-divider-separator\">\n\t\t\t\t\t\t<\/span>\n\t\t<\/div>\n\t\t\t\t\t\t<\/div>\n\t\t\t\t<\/div>\n\t\t\t\t<\/div>\n\t\t<div class=\"elementor-element elementor-element-ea60001 e-con-full e-flex e-con e-child\" data-id=\"ea60001\" data-element_type=\"container\">\n\t\t<div class=\"elementor-element elementor-element-5b02a9b e-con-full e-flex e-con e-child\" data-id=\"5b02a9b\" data-element_type=\"container\">\n\t\t<div class=\"elementor-element elementor-element-0597316 e-con-full e-flex e-con e-child\" data-id=\"0597316\" data-element_type=\"container\">\n\t\t\t\t<div class=\"elementor-element elementor-element-b0ad482 elementor-widget elementor-widget-heading\" data-id=\"b0ad482\" data-element_type=\"widget\" data-widget_type=\"heading.default\">\n\t\t\t\t<div class=\"elementor-widget-container\">\n\t\t\t\t\t<h2 class=\"elementor-heading-title elementor-size-default\"><span style=\", sans-serif;font-size: 17px;font-weight: 700\">SwiftCarbon Uvox SSL, v\u00e9lo d'escalade l\u00e9ger<\/span><span style=\", sans-serif;font-size: 17px;font-weight: 700\"><\/span><\/h2>\t\t\t\t<\/div>\n\t\t\t\t<\/div>\n\t\t\t\t<\/div>\n\t\t<div class=\"elementor-element elementor-element-941c89e e-con-full e-flex e-con e-child\" data-id=\"941c89e\" data-element_type=\"container\">\n\t\t\t\t<div class=\"elementor-element elementor-element-34784d2 elementor-widget elementor-widget-heading\" data-id=\"34784d2\" data-element_type=\"widget\" data-widget_type=\"heading.default\">\n\t\t\t\t<div class=\"elementor-widget-container\">\n\t\t\t\t\t<h2 class=\"elementor-heading-title elementor-size-default\"><font face=\"Source Sans Pro, sans-serif\"><span style=\"font-size: 17px\"><b>Par semaine<\/b><\/span><\/font><\/h2>\t\t\t\t<\/div>\n\t\t\t\t<\/div>\n\t\t\t\t<div class=\"elementor-element elementor-element-8698758 elementor-widget elementor-widget-heading\" data-id=\"8698758\" data-element_type=\"widget\" data-widget_type=\"heading.default\">\n\t\t\t\t<div class=\"elementor-widget-container\">\n\t\t\t\t\t<h2 class=\"elementor-heading-title elementor-size-default\"><span style=\", sans-serif;font-size: 17px;font-weight: 700;text-align: center\">175 \u00a3<\/span><span style=\", sans-serif;font-size: 17px;font-weight: 700;text-align: center\"><\/span><\/h2>\t\t\t\t<\/div>\n\t\t\t\t<\/div>\n\t\t\t\t<\/div>\n\t\t\t\t<\/div>\n\t\t<div class=\"elementor-element elementor-element-3ea9f9b e-con-full e-flex e-con e-child\" data-id=\"3ea9f9b\" data-element_type=\"container\">\n\t\t<div class=\"elementor-element elementor-element-703dd28 e-con-full e-flex e-con e-child\" data-id=\"703dd28\" data-element_type=\"container\">\n\t\t\t\t<div class=\"elementor-element elementor-element-1312315 elementor-widget elementor-widget-heading\" data-id=\"1312315\" data-element_type=\"widget\" data-widget_type=\"heading.default\">\n\t\t\t\t<div class=\"elementor-widget-container\">\n\t\t\t\t\t<h2 class=\"elementor-heading-title elementor-size-default\"><font face=\"Source Sans Pro, sans-serif\"><span style=\"font-size: 17px\"><b>BH Aerolight G8, V\u00e9lo a\u00e9rodynamique l\u00e9ger<\/b><\/span><\/font><\/h2>\t\t\t\t<\/div>\n\t\t\t\t<\/div>\n\t\t\t\t<\/div>\n\t\t<div class=\"elementor-element elementor-element-9de1e4a e-con-full e-flex e-con e-child\" data-id=\"9de1e4a\" data-element_type=\"container\">\n\t\t\t\t<div class=\"elementor-element elementor-element-3cceb8c elementor-widget elementor-widget-heading\" data-id=\"3cceb8c\" data-element_type=\"widget\" data-widget_type=\"heading.default\">\n\t\t\t\t<div class=\"elementor-widget-container\">\n\t\t\t\t\t<h2 class=\"elementor-heading-title elementor-size-default\"><span style=\", sans-serif;font-size: 17px;font-weight: 700;text-align: center\">175 \u00a3<\/span><span style=\", sans-serif;font-size: 17px;font-weight: 700;text-align: center\"><\/span><\/h2>\t\t\t\t<\/div>\n\t\t\t\t<\/div>\n\t\t\t\t<\/div>\n\t\t\t\t<\/div>\n\t\t<div class=\"elementor-element elementor-element-f109877 e-con-full e-flex e-con e-child\" data-id=\"f109877\" data-element_type=\"container\">\n\t\t<div class=\"elementor-element elementor-element-8d93e2e e-con-full e-flex e-con e-child\" data-id=\"8d93e2e\" data-element_type=\"container\">\n\t\t\t\t<div class=\"elementor-element elementor-element-f23145b elementor-widget elementor-widget-heading\" data-id=\"f23145b\" data-element_type=\"widget\" data-widget_type=\"heading.default\">\n\t\t\t\t<div class=\"elementor-widget-container\">\n\t\t\t\t\t<h2 class=\"elementor-heading-title elementor-size-default\"><font face=\"Source Sans Pro, sans-serif\"><span style=\"font-size: 17px\"><b>SwiftCarbon Racevox, v\u00e9lo l\u00e9ger et a\u00e9rodynamique, Ultegra Di2<\/b><\/span><\/font><\/h2>\t\t\t\t<\/div>\n\t\t\t\t<\/div>\n\t\t\t\t<\/div>\n\t\t<div class=\"elementor-element elementor-element-525d265 e-con-full e-flex e-con e-child\" data-id=\"525d265\" data-element_type=\"container\">\n\t\t\t\t<div class=\"elementor-element elementor-element-92e6f3a elementor-widget elementor-widget-heading\" data-id=\"92e6f3a\" data-element_type=\"widget\" data-widget_type=\"heading.default\">\n\t\t\t\t<div class=\"elementor-widget-container\">\n\t\t\t\t\t<h2 class=\"elementor-heading-title elementor-size-default\"><span style=\", sans-serif;font-size: 17px;font-weight: 700;text-align: center\">275 \u00a3<\/span><span style=\", sans-serif;font-size: 17px;font-weight: 700;text-align: center\"><\/span><\/h2>\t\t\t\t<\/div>\n\t\t\t\t<\/div>\n\t\t\t\t<\/div>\n\t\t\t\t<\/div>\n\t\t<div class=\"elementor-element elementor-element-c8e4952 e-con-full e-flex e-con e-child\" data-id=\"c8e4952\" data-element_type=\"container\">\n\t\t<div class=\"elementor-element elementor-element-1098089 e-con-full e-flex e-con e-child\" data-id=\"1098089\" data-element_type=\"container\">\n\t\t\t\t<div class=\"elementor-element elementor-element-b39ec8a elementor-widget elementor-widget-heading\" data-id=\"b39ec8a\" data-element_type=\"widget\" data-widget_type=\"heading.default\">\n\t\t\t\t<div class=\"elementor-widget-container\">\n\t\t\t\t\t<h2 class=\"elementor-heading-title elementor-size-default\"><font face=\"Source Sans Pro, sans-serif\"><span style=\"font-size: 17px\"><b>BH SL1, v\u00e9lo d'endurance l\u00e9ger<\/b><\/span><\/font><\/h2>\t\t\t\t<\/div>\n\t\t\t\t<\/div>\n\t\t\t\t<\/div>\n\t\t<div class=\"elementor-element elementor-element-f4545e1 e-con-full e-flex e-con e-child\" data-id=\"f4545e1\" data-element_type=\"container\">\n\t\t\t\t<div class=\"elementor-element elementor-element-249cf1a elementor-widget elementor-widget-heading\" data-id=\"249cf1a\" data-element_type=\"widget\" data-widget_type=\"heading.default\">\n\t\t\t\t<div class=\"elementor-widget-container\">\n\t\t\t\t\t<h2 class=\"elementor-heading-title elementor-size-default\"><span style=\", sans-serif;font-size: 17px;font-weight: 700;text-align: center\">225 \u00a3<\/span><span style=\", sans-serif;font-size: 17px;font-weight: 700;text-align: center\"><\/span><\/h2>\t\t\t\t<\/div>\n\t\t\t\t<\/div>\n\t\t\t\t<\/div>\n\t\t\t\t<\/div>\n\t\t<div class=\"elementor-element elementor-element-a263f0f e-con-full e-flex e-con e-child\" data-id=\"a263f0f\" data-element_type=\"container\">\n\t\t<div class=\"elementor-element elementor-element-dc27485 e-con-full e-flex e-con e-child\" data-id=\"dc27485\" data-element_type=\"container\">\n\t\t\t\t<div class=\"elementor-element elementor-element-1f96dbb elementor-widget elementor-widget-heading\" data-id=\"1f96dbb\" data-element_type=\"widget\" data-widget_type=\"heading.default\">\n\t\t\t\t<div class=\"elementor-widget-container\">\n\t\t\t\t\t<h2 class=\"elementor-heading-title elementor-size-default\"><font face=\"Source Sans Pro, sans-serif\"><span style=\"font-size: 17px\"><b>SwiftCarbon Racevox, v\u00e9lo a\u00e9rodynamique l\u00e9ger<\/b><\/span><\/font><\/h2>\t\t\t\t<\/div>\n\t\t\t\t<\/div>\n\t\t\t\t<\/div>\n\t\t<div class=\"elementor-element elementor-element-22cee28 e-con-full e-flex e-con e-child\" data-id=\"22cee28\" data-element_type=\"container\">\n\t\t\t\t<div class=\"elementor-element elementor-element-753984d elementor-widget elementor-widget-heading\" data-id=\"753984d\" data-element_type=\"widget\" data-widget_type=\"heading.default\">\n\t\t\t\t<div class=\"elementor-widget-container\">\n\t\t\t\t\t<h2 class=\"elementor-heading-title elementor-size-default\"><span style=\", sans-serif;font-size: 17px;font-weight: 700;text-align: center\">192.5 \u00a3<\/span><span style=\", sans-serif;font-size: 17px;font-weight: 700;text-align: center\"><\/span><\/h2>\t\t\t\t<\/div>\n\t\t\t\t<\/div>\n\t\t\t\t<\/div>\n\t\t\t\t<\/div>\n\t\t<div class=\"elementor-element elementor-element-f05c516 e-con-full e-flex e-con e-child\" data-id=\"f05c516\" data-element_type=\"container\">\n\t\t<div class=\"elementor-element elementor-element-a8ec965 e-con-full e-flex e-con e-child\" data-id=\"a8ec965\" data-element_type=\"container\">\n\t\t\t\t<div class=\"elementor-element elementor-element-501890c elementor-widget elementor-widget-heading\" data-id=\"501890c\" data-element_type=\"widget\" data-widget_type=\"heading.default\">\n\t\t\t\t<div class=\"elementor-widget-container\">\n\t\t\t\t\t<h2 class=\"elementor-heading-title elementor-size-default\"><span style=\", sans-serif;font-size: 17px;font-weight: 700\">BH SL1, v\u00e9lo d'endurance l\u00e9ger SHIMANO 105 DI2<\/span><span style=\", sans-serif;font-size: 17px;font-weight: 700\"><\/span><\/h2>\t\t\t\t<\/div>\n\t\t\t\t<\/div>\n\t\t\t\t<\/div>\n\t\t<div class=\"elementor-element elementor-element-0bd38b9 e-con-full e-flex e-con e-child\" data-id=\"0bd38b9\" data-element_type=\"container\">\n\t\t\t\t<div class=\"elementor-element elementor-element-cb6d2a5 elementor-widget elementor-widget-heading\" data-id=\"cb6d2a5\" data-element_type=\"widget\" data-widget_type=\"heading.default\">\n\t\t\t\t<div class=\"elementor-widget-container\">\n\t\t\t\t\t<h2 class=\"elementor-heading-title elementor-size-default\"><span style=\", sans-serif;font-size: 17px;font-weight: 700;text-align: center\">225 \u00a3<\/span><span style=\", sans-serif;font-size: 17px;font-weight: 700;text-align: center\"><\/span><\/h2>\t\t\t\t<\/div>\n\t\t\t\t<\/div>\n\t\t\t\t<\/div>\n\t\t\t\t<\/div>\n\t\t<div class=\"elementor-element elementor-element-9a4997f e-con-full e-flex e-con e-child\" data-id=\"9a4997f\" data-element_type=\"container\">\n\t\t<div class=\"elementor-element elementor-element-bbc22ae e-con-full e-flex e-con e-child\" data-id=\"bbc22ae\" data-element_type=\"container\">\n\t\t\t\t<div class=\"elementor-element elementor-element-7813169 elementor-widget elementor-widget-heading\" data-id=\"7813169\" data-element_type=\"widget\" data-widget_type=\"heading.default\">\n\t\t\t\t<div class=\"elementor-widget-container\">\n\t\t\t\t\t<h2 class=\"elementor-heading-title elementor-size-default\"><font face=\"Source Sans Pro, sans-serif\"><span style=\"font-size: 17px\"><b>SwiftCarbon ATK G2, v\u00e9lo d'endurance<\/b><\/span><\/font><\/h2>\t\t\t\t<\/div>\n\t\t\t\t<\/div>\n\t\t\t\t<\/div>\n\t\t<div class=\"elementor-element elementor-element-972b18c e-con-full e-flex e-con e-child\" data-id=\"972b18c\" data-element_type=\"container\">\n\t\t\t\t<div class=\"elementor-element elementor-element-0eb20d2 elementor-widget elementor-widget-heading\" data-id=\"0eb20d2\" data-element_type=\"widget\" data-widget_type=\"heading.default\">\n\t\t\t\t<div class=\"elementor-widget-container\">\n\t\t\t\t\t<h2 class=\"elementor-heading-title elementor-size-default\"><span style=\", sans-serif;font-size: 17px;font-weight: 700;text-align: center\">140 \u00a3<\/span><span style=\", sans-serif;font-size: 17px;font-weight: 700;text-align: center\"><\/span><\/h2>\t\t\t\t<\/div>\n\t\t\t\t<\/div>\n\t\t\t\t<\/div>\n\t\t\t\t<\/div>\n\t\t\t\t<\/div>\n\t\t\t\t<div class=\"elementor-element elementor-element-92def17 elementor-widget elementor-widget-button\" data-id=\"92def17\" data-element_type=\"widget\" data-widget_type=\"button.default\">\n\t\t\t\t<div class=\"elementor-widget-container\">\n\t\t\t\t\t\t\t\t\t<div class=\"elementor-button-wrapper\">\n\t\t\t\t\t<a class=\"elementor-button elementor-button-link elementor-size-sm elementor-animation-float\" href=\"https:\/\/www.ultimatebikehiremallorca.com\/fr\/reservation\/\">\n\t\t\t\t\t\t<span class=\"elementor-button-content-wrapper\">\n\t\t\t\t\t\t<span class=\"elementor-button-icon\">\n\t\t\t\t<svg aria-hidden=\"true\" class=\"e-font-icon-svg e-fas-arrow-circle-right\" viewbox=\"0 0 512 512\" xmlns=\"http:\/\/www.w3.org\/2000\/svg\"><path d=\"M256 8c137 0 248 111 248 248S393 504 256 504 8 393 8 256 119 8 256 8zm-28.9 143.6l75.5 72.4H120c-13.3 0-24 10.7-24 24v16c0 13.3 10.7 24 24 24h182.6l-75.5 72.4c-9.7 9.3-9.9 24.8-.4 34.3l11 10.9c9.4 9.4 24.6 9.4 33.9 0L404.3 273c9.4-9.4 9.4-24.6 0-33.9L271.6 106.3c-9.4-9.4-24.6-9.4-33.9 0l-11 10.9c-9.5 9.6-9.3 25.1.4 34.4z\"><\/path><\/svg>\t\t\t<\/span>\n\t\t\t\t\t\t\t\t\t<span class=\"elementor-button-text\">R\u00c9SERVATIONS<\/span>\n\t\t\t\t\t<\/span>\n\t\t\t\t\t<\/a>\n\t\t\t\t<\/div>\n\t\t\t\t\t\t\t\t<\/div>\n\t\t\t\t<\/div>\n\t\t\t\t\t<\/div>\n\t\t\t\t<\/div>\n\t\t\t\t<\/div>","protected":false},"excerpt":{"rendered":"<p>Tarifs de location hebdomadaire SwiftCarbon Uvox SSL, v\u00e9lo l\u00e9ger d'escalade Par semaine 175 \u00a3 BH Aerolight G8, v\u00e9lo l\u00e9ger a\u00e9rodynamique 175 \u00a3 SwiftCarbon Racevox, v\u00e9lo l\u00e9ger a\u00e9rodynamique, Ultegra Di2 275 \u00a3 BH SL1, v\u00e9lo l\u00e9ger d'endurance 225 \u00a3 SwiftCarbon Racevox, v\u00e9lo l\u00e9ger a\u00e9rodynamique 192.5 \u00a3 BH SL1, v\u00e9lo l\u00e9ger d'endurance SHIMANO 105 DI2 225 [...]<\/p>","protected":false},"author":1,"featured_media":0,"parent":0,"menu_order":0,"comment_status":"closed","ping_status":"closed","template":"elementor_header_footer","meta":{"footnotes":""},"class_list":["post-11123","page","type-page","status-publish","hentry"],"_links":{"self":[{"href":"https:\/\/www.ultimatebikehiremallorca.com\/fr\/wp-json\/wp\/v2\/pages\/11123","targetHints":{"allow":["GET"]}}],"collection":[{"href":"https:\/\/www.ultimatebikehiremallorca.com\/fr\/wp-json\/wp\/v2\/pages"}],"about":[{"href":"https:\/\/www.ultimatebikehiremallorca.com\/fr\/wp-json\/wp\/v2\/types\/page"}],"author":[{"embeddable":true,"href":"https:\/\/www.ultimatebikehiremallorca.com\/fr\/wp-json\/wp\/v2\/users\/1"}],"replies":[{"embeddable":true,"href":"https:\/\/www.ultimatebikehiremallorca.com\/fr\/wp-json\/wp\/v2\/comments?post=11123"}],"version-history":[{"count":0,"href":"https:\/\/www.ultimatebikehiremallorca.com\/fr\/wp-json\/wp\/v2\/pages\/11123\/revisions"}],"wp:attachment":[{"href":"https:\/\/www.ultimatebikehiremallorca.com\/fr\/wp-json\/wp\/v2\/media?parent=11123"}],"curies":[{"name":"wp","href":"https:\/\/api.w.org\/{rel}","templated":true}]}}