{"id":12139,"date":"2023-03-04T11:51:35","date_gmt":"2023-03-04T11:51:35","guid":{"rendered":"https:\/\/ultimatebikehiremallorca.com\/disclaimer\/"},"modified":"2023-03-15T12:47:04","modified_gmt":"2023-03-15T12:47:04","slug":"disclaimer","status":"publish","type":"page","link":"https:\/\/www.ultimatebikehiremallorca.com\/de\/legal\/haftungsausschluss\/","title":{"rendered":"Haftungsausschluss"},"content":{"rendered":"<!-- Legal document generated by Complianz | GDPR\/CCPA Cookie Consent https:\/\/wordpress.org\/plugins\/complianz-gdpr -->\n<div id=\"cmplz-document\" class=\"cmplz-document disclaimer cmplz-document-all\"><p>Ultimate Bike Hire is committed to keeping this website up to date and accurate. Should you nevertheless encounter anything that is incorrect or out of date, we would appreciate it if you could let us know. Please indicate where on the website you read the information. We will then look at this as soon as possible. Please send your response by email to: i&#110;f&#111;&#064;&#117;&#108;&#116;i&#109;&#097;&#116;ebi&#107;eh&#105;rem&#097;l&#108;&#111;&#114;&#099;&#097;.co&#109;.<\/p><p>Wir haften weder f\u00fcr Sch\u00e4den infolge von Ungenauigkeiten oder Unvollst\u00e4ndigkeiten noch f\u00fcr Sch\u00e4den aufgrund von Problemen, die durch die Verbreitung von Informationen \u00fcber das Internet verursacht werden oder damit verbunden sind, wie z. B. St\u00f6rungen oder Unterbrechungen. Bei der Verwendung von Webformularen bem\u00fchen wir uns, die Zahl der erforderlichen Felder auf ein Minimum zu beschr\u00e4nken. F\u00fcr Sch\u00e4den, die durch die Nutzung von Daten, Ratschl\u00e4gen oder Ideen entstehen, die von oder im Namen von Ultimate Bike Hire \u00fcber diese Website bereitgestellt werden, \u00fcbernimmt Ultimate Bike Hire keine Haftung.<\/p><p>Die Nutzung der Website und aller ihrer Komponenten (einschlie\u00dflich der Foren) unterliegt folgenden Bedingungen <a href=\"https:\/\/www.ultimatebikehiremallorca.com\/de\/terms\/\" target=\"_blank\">Benutzungsbedingungen<\/a>. Die blo\u00dfe Nutzung dieser Website setzt die Kenntnis und das Einverst\u00e4ndnis mit diesen Nutzungsbedingungen voraus.<\/p><p>Antworten und Datenschutzanfragen, die per E-Mail oder \u00fcber ein Webformular eingereicht werden, werden wie Briefe behandelt. Das bedeutet, dass Sie sp\u00e4testens innerhalb eines Monats eine Antwort von uns erwarten k\u00f6nnen. Bei komplexen Anfragen teilen wir Ihnen innerhalb von 1 Monat mit, wenn wir maximal 3 Monate ben\u00f6tigen.<\/p><p>Alle personenbezogenen Daten, die Sie uns im Rahmen Ihrer Antwort oder Ihrer Informationsanfrage zur Verf\u00fcgung stellen, werden ausschlie\u00dflich in \u00dcbereinstimmung mit unserer Datenschutzerkl\u00e4rung verwendet.<\/p><p>Ultimate Bike Hire unternimmt alle zumutbaren Anstrengungen, um seine Systeme gegen jede Form der unrechtm\u00e4\u00dfigen Nutzung zu sch\u00fctzen. Ultimate Bike Hire ergreift zu diesem Zweck angemessene technische und organisatorische Ma\u00dfnahmen, die unter anderem den Stand der Technik ber\u00fccksichtigen. Ultimate Bike Hire haftet jedoch nicht f\u00fcr direkte und\/oder indirekte Sch\u00e4den, die einem Nutzer der Website durch die unrechtm\u00e4\u00dfige Nutzung seiner Systeme durch einen Dritten entstehen.<\/p><p>Ultimate Bike Hire \u00fcbernimmt keine Verantwortung f\u00fcr den Inhalt von Websites, zu denen oder von denen ein Hyperlink oder ein anderer Verweis besteht. Produkte oder Dienstleistungen, die von Dritten angeboten werden, unterliegen den geltenden Gesch\u00e4ftsbedingungen dieser Dritten.<\/p><p>Alle geistigen Eigentumsrechte an den Inhalten dieser Website liegen bei Ultimate Bike Hire.<\/p><p>Die Vervielf\u00e4ltigung, Verbreitung und sonstige Nutzung dieser Materialien ist ohne die schriftliche Zustimmung von Ultimate Bike Hire nicht gestattet, es sei denn, zwingende gesetzliche Vorschriften (z.B. Zitatrecht) sehen etwas anderes vor oder der konkrete Inhalt erfordert etwas anderes.<\/p><p>Sollten Sie Fragen oder Probleme mit der Zug\u00e4nglichkeit der Website haben, z\u00f6gern Sie bitte nicht, uns zu kontaktieren.<\/p><\/div>","protected":false},"excerpt":{"rendered":"","protected":false},"author":1,"featured_media":0,"parent":9756,"menu_order":0,"comment_status":"closed","ping_status":"closed","template":"","meta":{"footnotes":""},"class_list":["post-12139","page","type-page","status-publish","hentry"],"_links":{"self":[{"href":"https:\/\/www.ultimatebikehiremallorca.com\/de\/wp-json\/wp\/v2\/pages\/12139","targetHints":{"allow":["GET"]}}],"collection":[{"href":"https:\/\/www.ultimatebikehiremallorca.com\/de\/wp-json\/wp\/v2\/pages"}],"about":[{"href":"https:\/\/www.ultimatebikehiremallorca.com\/de\/wp-json\/wp\/v2\/types\/page"}],"author":[{"embeddable":true,"href":"https:\/\/www.ultimatebikehiremallorca.com\/de\/wp-json\/wp\/v2\/users\/1"}],"replies":[{"embeddable":true,"href":"https:\/\/www.ultimatebikehiremallorca.com\/de\/wp-json\/wp\/v2\/comments?post=12139"}],"version-history":[{"count":0,"href":"https:\/\/www.ultimatebikehiremallorca.com\/de\/wp-json\/wp\/v2\/pages\/12139\/revisions"}],"up":[{"embeddable":true,"href":"https:\/\/www.ultimatebikehiremallorca.com\/de\/wp-json\/wp\/v2\/pages\/9756"}],"wp:attachment":[{"href":"https:\/\/www.ultimatebikehiremallorca.com\/de\/wp-json\/wp\/v2\/media?parent=12139"}],"curies":[{"name":"wp","href":"https:\/\/api.w.org\/{rel}","templated":true}]}}